{"id":724,"date":"2022-05-19T20:55:05","date_gmt":"2022-05-19T20:55:05","guid":{"rendered":"https:\/\/www.restaurantdeboshoeve.nl\/?page_id=724"},"modified":"2023-04-12T18:44:57","modified_gmt":"2023-04-12T18:44:57","slug":"overnachten","status":"publish","type":"page","link":"https:\/\/www.restaurantdeboshoeve.nl\/?page_id=724","title":{"rendered":"Overnachten"},"content":{"rendered":"\n<p>Restaurant De Boshoeve bevindt zich in de parel van Groningen: Westerwolde. Het wandel mekka van de provincie Groningen. Met lange afstand wandelingen zoals het Westerwoldepad en het Noaberpad. Via onze website <a href=\"http:\/\/boerderijdeboshoeve.nl\" data-type=\"URL\" data-id=\"boerderijdeboshoeve.nl\">boerderijdeboshoeve.nl<\/a> kunt u voor een langere periode(weekend, midweek of volle week) bij ons verblijven in \u00e9\u00e9n van onze tiny houses. Volop genieten van ecologisch recre\u00ebren en terug naar de natuur.<\/p>\n\n\n\n<p>Mochten onze tiny houses volgeboekt zijn dan kunt u wellicht gebruik maken van \u00e9\u00e9n van de accommodaties van camping <a href=\"https:\/\/www.campingdevreemdeeend.nl\" target=\"_blank\" rel=\"noreferrer noopener\">De Vreemde Eend<\/a> Ze hebben 4 mooie ingerichte kampeerplekken, waaronder een originele Yurt. Op slechts 300 meter vanaf restaurant De Boshoeve.<\/p>\n","protected":false},"excerpt":{"rendered":"<p>Restaurant De Boshoeve bevindt zich in de parel van Groningen: Westerwolde. Het wandel mekka van de provincie Groningen. Met lange afstand wandelingen zoals het Westerwoldepad en het Noaberpad. Via onze website boerderijdeboshoeve.nl kunt u voor een langere periode(weekend, midweek of volle week) bij ons verblijven in \u00e9\u00e9n van onze tiny houses. Volop genieten van ecologisch [&hellip;]<\/p>\n","protected":false},"author":1,"featured_media":0,"parent":0,"menu_order":0,"comment_status":"closed","ping_status":"closed","template":"","meta":{"footnotes":""},"class_list":["post-724","page","type-page","status-publish","hentry"],"_links":{"self":[{"href":"https:\/\/www.restaurantdeboshoeve.nl\/index.php?rest_route=\/wp\/v2\/pages\/724","targetHints":{"allow":["GET"]}}],"collection":[{"href":"https:\/\/www.restaurantdeboshoeve.nl\/index.php?rest_route=\/wp\/v2\/pages"}],"about":[{"href":"https:\/\/www.restaurantdeboshoeve.nl\/index.php?rest_route=\/wp\/v2\/types\/page"}],"author":[{"embeddable":true,"href":"https:\/\/www.restaurantdeboshoeve.nl\/index.php?rest_route=\/wp\/v2\/users\/1"}],"replies":[{"embeddable":true,"href":"https:\/\/www.restaurantdeboshoeve.nl\/index.php?rest_route=%2Fwp%2Fv2%2Fcomments&post=724"}],"version-history":[{"count":4,"href":"https:\/\/www.restaurantdeboshoeve.nl\/index.php?rest_route=\/wp\/v2\/pages\/724\/revisions"}],"predecessor-version":[{"id":855,"href":"https:\/\/www.restaurantdeboshoeve.nl\/index.php?rest_route=\/wp\/v2\/pages\/724\/revisions\/855"}],"wp:attachment":[{"href":"https:\/\/www.restaurantdeboshoeve.nl\/index.php?rest_route=%2Fwp%2Fv2%2Fmedia&parent=724"}],"curies":[{"name":"wp","href":"https:\/\/api.w.org\/{rel}","templated":true}]}}